{"id":163,"date":"2013-04-07T11:08:13","date_gmt":"2013-04-07T10:08:13","guid":{"rendered":"http:\/\/crouay.fr\/wp\/?page_id=163"},"modified":"2015-07-03T19:37:15","modified_gmt":"2015-07-03T18:37:15","slug":"vie-touristique","status":"publish","type":"page","link":"https:\/\/crouay.fr\/wp\/vie-touristique\/","title":{"rendered":"La vie touristique"},"content":{"rendered":"<p>S&#8217;\u00e9tendant en partie sur le Massif Armoricain et en partie sur le Bassin Parisien, Crouay est une commune vallonn\u00e9e. Situ\u00e9e \u00e0 9 km \u00e0 l&#8217;Ouest de Bayeux, jouxt\u00e9e au Nord par la RN13 et au Sud par la RD5 route du Molay Littry\/Bayeux. Vous pourrez d\u00e9couvrir les plages du D\u00e9barquement d&#8217;Omaha Beach \u00e0 moins de 12 km.<\/p>\n<p>&nbsp;<\/p>\n<p>Son charme r\u00e9side dans l&#8217;espace qu&#8217;elle nous offre o\u00f9 le tissu agricole est encore tr\u00e8s pr\u00e9sent. Nous avons une succession de paysages vari\u00e9s : herbages clos, labours, bois, marais et rivi\u00e8re aliment\u00e9s par des nappes phr\u00e9atiques omnipr\u00e9sentes dans le plateau s\u00e9dimentaire. Son int\u00e9r\u00eat provient \u00e9galement de son riche patrimoine architectural, ses maisons de caract\u00e8re, son Eglise, ses fours \u00e0 Chaux que vous pourrez admirer en vous promenant tout au long de nos chemins p\u00e9destres sur le Circuit des Chaufourniers (12 km).<\/p>\n<div id=\"attachment_169\" style=\"width: 250px\" class=\"wp-caption alignleft\"><a href=\"https:\/\/crouay.fr\/wp\/wp-content\/uploads\/2013\/04\/vie_touristique_2.jpg\"><img loading=\"lazy\" decoding=\"async\" aria-describedby=\"caption-attachment-169\" class=\" wp-image-169 \" src=\"https:\/\/crouay.fr\/wp\/wp-content\/uploads\/2013\/04\/vie_touristique_2-300x225.jpg\" alt=\"Gites de Crouay\" width=\"240\" height=\"180\" srcset=\"https:\/\/crouay.fr\/wp\/wp-content\/uploads\/2013\/04\/vie_touristique_2-300x225.jpg 300w, https:\/\/crouay.fr\/wp\/wp-content\/uploads\/2013\/04\/vie_touristique_2.jpg 1000w\" sizes=\"(max-width: 240px) 100vw, 240px\" \/><\/a><p id=\"caption-attachment-169\" class=\"wp-caption-text\">Gites de Crouay<\/p><\/div>\n<p><strong>\u00a0<\/strong><\/p>\n<p>Pour venir d\u00e9couvrir notre belle commune nous vous proposons \u00a0<a href=\"http:\/\/www.crouay.fr\/wp\/gites\" target=\"_blank\">plusieurs h\u00e9bergements pour des groupes ou des individuels<\/a>.<\/p>\n<div id=\"attachment_168\" style=\"width: 250px\" class=\"wp-caption alignright\"><a href=\"https:\/\/crouay.fr\/wp\/wp-content\/uploads\/2013\/04\/vie_touristique_1.jpg\"><img loading=\"lazy\" decoding=\"async\" aria-describedby=\"caption-attachment-168\" class=\" wp-image-168 \" src=\"https:\/\/crouay.fr\/wp\/wp-content\/uploads\/2013\/04\/vie_touristique_1-300x225.jpg\" alt=\"Le gite de groupe\" width=\"240\" height=\"180\" srcset=\"https:\/\/crouay.fr\/wp\/wp-content\/uploads\/2013\/04\/vie_touristique_1-300x225.jpg 300w, https:\/\/crouay.fr\/wp\/wp-content\/uploads\/2013\/04\/vie_touristique_1.jpg 1000w\" sizes=\"(max-width: 240px) 100vw, 240px\" \/><\/a><p id=\"caption-attachment-168\" class=\"wp-caption-text\">Le Presbyt\u00e8re<\/p><\/div>\n<p><strong>\u00a0<\/strong><\/p>\n<p><strong>Alors \u00e0 bient\u00f4t !<\/strong><\/p>\n<p>&nbsp;<\/p>\n<p>&nbsp;<\/p>\n<p>&nbsp;<\/p>\n<p>&nbsp;<\/p>\n<p>&nbsp;<\/p>\n<p>&nbsp;<\/p>\n<p>&nbsp;<\/p>\n<h3><span style=\"text-decoration: underline;\"><strong>Nos partenaires :<\/strong><\/span><\/h3>\n<p>&nbsp;<\/p>\n<p><a href=\"http:\/\/www.oti-omaha.fr\/\">Office de tourisme d&#8217;Omaha-Beach<\/a><\/p>\n<p><img loading=\"lazy\" decoding=\"async\" class=\" size-full wp-image-18804 alignleft\" src=\"https:\/\/crouay.fr\/wp\/wp-content\/uploads\/2013\/04\/logo-omaha.png\" alt=\"logo-omaha\" width=\"277\" height=\"123\" \/><\/p>\n<p>&nbsp;<\/p>\n<p>&nbsp;<\/p>\n<p>&nbsp;<\/p>\n<p>&nbsp;<\/p>\n<p>&nbsp;<\/p>\n<p>&nbsp;<\/p>\n<p>&nbsp;<\/p>\n<p>&nbsp;<\/p>\n<p><a href=\"http:\/\/www.cdc-trevieres.com\/index.php\">Communaut\u00e9 de Commune de Tr\u00e9vi\u00e8res<\/a><\/p>\n<p><a href=\"https:\/\/crouay.fr\/wp\/wp-content\/uploads\/2013\/04\/Downloads.png\"><img loading=\"lazy\" decoding=\"async\" class=\" size-medium wp-image-18806 alignleft\" src=\"https:\/\/crouay.fr\/wp\/wp-content\/uploads\/2013\/04\/Downloads-300x95.png\" alt=\"Downloads\" width=\"300\" height=\"95\" srcset=\"https:\/\/crouay.fr\/wp\/wp-content\/uploads\/2013\/04\/Downloads-300x95.png 300w, https:\/\/crouay.fr\/wp\/wp-content\/uploads\/2013\/04\/Downloads.png 494w\" sizes=\"(max-width: 300px) 100vw, 300px\" \/><\/a><\/p>\n<p>&nbsp;<\/p>\n<p>&nbsp;<\/p>\n<p>&nbsp;<\/p>\n<p>&nbsp;<\/p>\n<p>&nbsp;<\/p>\n<p>&nbsp;<\/p>\n<p>&nbsp;<\/p>\n<p><a href=\"http:\/\/www.gites-de-france.com\">G\u00eetes de France\u00a0<\/a><\/p>\n<p><a href=\"https:\/\/crouay.fr\/wp\/wp-content\/uploads\/2013\/04\/nouveau-logo-gites-de-france.png\"><img loading=\"lazy\" decoding=\"async\" class=\"  wp-image-173 alignleft\" src=\"https:\/\/crouay.fr\/wp\/wp-content\/uploads\/2013\/04\/nouveau-logo-gites-de-france.png\" alt=\"nouveau-logo-gites-de-france\" width=\"150\" height=\"152\" \/><\/a><\/p>\n","protected":false},"excerpt":{"rendered":"<p>S&#8217;\u00e9tendant en partie sur le Massif Armoricain et en partie sur le Bassin Parisien, Crouay est une commune vallonn\u00e9e. Situ\u00e9e \u00e0 9 km \u00e0 l&#8217;Ouest de Bayeux, jouxt\u00e9e au Nord par la RN13 et au Sud par la RD5 route du Molay Littry\/Bayeux. Vous pourrez d\u00e9couvrir les plages du D\u00e9barquement d&#8217;Omaha Beach \u00e0 moins de [&hellip;]<\/p>\n","protected":false},"author":1,"featured_media":0,"parent":0,"menu_order":0,"comment_status":"closed","ping_status":"open","template":"","meta":{"saved_in_kubio":false,"_uag_custom_page_level_css":"","footnotes":""},"class_list":["post-163","page","type-page","status-publish","hentry"],"kubio_ai_page_context":{"short_desc":"","purpose":"general"},"uagb_featured_image_src":{"full":false,"thumbnail":false,"medium":false,"medium_large":false,"large":false,"1536x1536":false,"2048x2048":false,"kubio-fullhd":false,"mailpoet_newsletter_max":false},"uagb_author_info":{"display_name":"webmaster","author_link":"https:\/\/crouay.fr\/wp\/blog\/author\/netadmin\/"},"uagb_comment_info":0,"uagb_excerpt":"S&#8217;\u00e9tendant en partie sur le Massif Armoricain et en partie sur le Bassin Parisien, Crouay est une commune vallonn\u00e9e. Situ\u00e9e \u00e0 9 km \u00e0 l&#8217;Ouest de Bayeux, jouxt\u00e9e au Nord par la RN13 et au Sud par la RD5 route du Molay Littry\/Bayeux. Vous pourrez d\u00e9couvrir les plages du D\u00e9barquement d&#8217;Omaha Beach \u00e0 moins de\u2026","_links":{"self":[{"href":"https:\/\/crouay.fr\/wp\/wp-json\/wp\/v2\/pages\/163","targetHints":{"allow":["GET"]}}],"collection":[{"href":"https:\/\/crouay.fr\/wp\/wp-json\/wp\/v2\/pages"}],"about":[{"href":"https:\/\/crouay.fr\/wp\/wp-json\/wp\/v2\/types\/page"}],"author":[{"embeddable":true,"href":"https:\/\/crouay.fr\/wp\/wp-json\/wp\/v2\/users\/1"}],"replies":[{"embeddable":true,"href":"https:\/\/crouay.fr\/wp\/wp-json\/wp\/v2\/comments?post=163"}],"version-history":[{"count":0,"href":"https:\/\/crouay.fr\/wp\/wp-json\/wp\/v2\/pages\/163\/revisions"}],"wp:attachment":[{"href":"https:\/\/crouay.fr\/wp\/wp-json\/wp\/v2\/media?parent=163"}],"curies":[{"name":"wp","href":"https:\/\/api.w.org\/{rel}","templated":true}]}}