{"id":245,"date":"2014-04-03T22:42:55","date_gmt":"2014-04-03T21:42:55","guid":{"rendered":"https:\/\/crouay.fr\/wp\/gites\/?page_id=245"},"modified":"2024-09-07T23:11:25","modified_gmt":"2024-09-07T22:11:25","slug":"autres-hebergements","status":"publish","type":"page","link":"https:\/\/crouay.fr\/gites\/accueil\/autres-hebergements\/","title":{"rendered":"Autres h\u00e9bergements \u00e0 Crouay"},"content":{"rendered":"<p>&nbsp;<\/p>\n<h2>\u00a0<a title=\"Camping Le creulet\" href=\"http:\/\/www.camping-lecreulet.com\/\">Le Camping \u00e0 la Ferme<\/a><\/h2>\n<div class=\"wp-caption alignleft\">\n<p><a href=\"https:\/\/crouay.fr\/wp\/gites\/wp-content\/uploads\/sites\/2\/2024\/09\/Capture-decran-du-2024-09-08-00-06-34.jpg\"><img loading=\"lazy\" decoding=\"async\" class=\"aligncenter size-medium wp-image-1055\" src=\"https:\/\/crouay.fr\/wp\/gites\/wp-content\/uploads\/sites\/2\/2024\/09\/Capture-decran-du-2024-09-08-00-06-34-150x118.jpg\" alt=\"\" width=\"150\" height=\"118\" srcset=\"https:\/\/crouay.fr\/gites\/wp-content\/uploads\/sites\/2\/2024\/09\/Capture-decran-du-2024-09-08-00-06-34-150x118.jpg 150w, https:\/\/crouay.fr\/gites\/wp-content\/uploads\/sites\/2\/2024\/09\/Capture-decran-du-2024-09-08-00-06-34.jpg 633w\" sizes=\"(max-width: 150px) 100vw, 150px\" \/><\/a><\/p>\n<p class=\"wp-caption-text\">Camping \u00e0 La ferme<\/p>\n<\/div>\n<h3><span style=\"font-size: 20px;\">Ferme du Creulet<\/span><\/h3>\n<p><span style=\"font-size: 20px;\"><i><b>M et Mme Anne Ren\u00e9 \u2013 Le Creulet \u2013 14400 \u2013 Crouay \u2013 T\u00e9l: 02.31.92.45.27 \u2013 courriel:<a href=\"mailto:%63%6F%6E%74%61%63%74%40%63%61%6D%70%69%6E%67%2D%6C%65%63%72%65%75%6C%65%74%2E%63%6F%6D\">contact@camping-lecreulet.com<\/a><\/b><\/i><\/span><\/p>\n<p><span style=\"font-size: 20px;\">\u00a0<\/span><\/p>\n<p>&nbsp;<\/p>\n<p>&nbsp;<\/p>\n<hr \/>\n<p>&nbsp;<\/p>\n<p>&nbsp;<\/p>\n<h2><a title=\"Manoir de Longeau\" href=\"http:\/\/www.manoirdelongeau.fr\/\"><span style=\"font-size: 24px;\">Le Manoir de Longeau<\/span><\/a><\/h2>\n<div class=\"n\">\n<h3><span style=\"font-size: 20px;\">\u00a0Jolies maisons de charme pr\u00e8s des Plages du D\u00e9barquement en Normandie.<\/span><\/h3>\n<\/div>\n<div class=\"n\">\u00a0<a class=\"cboxElement\" title=\"Manoir Longeau\" href=\"https:\/\/crouay.fr\/wp\/wp-content\/uploads\/2015\/03\/emotionheader.jpg\" rel=\"lightbox[18503]\"><img loading=\"lazy\" decoding=\"async\" class=\"wp-image-18523 alignleft\" src=\"https:\/\/crouay.fr\/wp\/wp-content\/uploads\/2015\/03\/emotionheader-300x105.jpg\" alt=\"Manoir Longeau\" width=\"400\" height=\"140\" \/><\/a><\/div>\n<p>&nbsp;<\/p>\n<p>&nbsp;<\/p>\n<p>&nbsp;<\/p>\n<p>&nbsp;<\/p>\n<p>&nbsp;<\/p>\n<p>&nbsp;<\/p>\n<p>&nbsp;<\/p>\n<p>&nbsp;<\/p>\n<p><span style=\"font-size: 20px;\"><strong>Le Manoir de Longeau<\/strong><\/span><\/p>\n<p><span style=\"font-size: 20px;\"><strong>14400 Crouay \u2013 France<\/strong><\/span><\/p>\n<p><span style=\"font-size: 20px;\">\u260e <strong>+33.(0)2.31.22.15.29<\/strong><\/span><\/p>\n<p><span style=\"font-size: 20px;\">\u260e <strong>+33.(0)6.83.40.44.45<\/strong><\/span><\/p>\n<p><span style=\"font-size: 20px;\"><strong><a href=\"mailto:contact@manoirdelongeau.fr\">contact@manoirdelongeau.fr<\/a><\/strong><\/span><\/p>\n<p><span style=\"font-size: 20px;\">\u00a0<\/span><\/p>\n<hr \/>\n<p>&nbsp;<\/p>\n<h2><a title=\"Les Chaufourniers\" href=\"http:\/\/www.leschaufourniers.com\"><span style=\"font-size: 24px;\">Les Chaufourniers<\/span><\/a><\/h2>\n<p><span style=\"font-size: 24px;\">\u00a0<\/span><\/p>\n<h2><span style=\"font-size: 24px;\">Chambres d\u2019h\u00f4tes \u2013 Tables d\u2019h\u00f4tes \u2013 G\u00eetes<\/span><\/h2>\n<p><a class=\"cboxElement\" title=\"Les chaufourniers\" href=\"https:\/\/crouay.fr\/wp\/wp-content\/uploads\/2015\/03\/P6160437.jpg\" rel=\"lightbox[18503]\"><img loading=\"lazy\" decoding=\"async\" class=\"wp-image-18528 alignleft\" src=\"https:\/\/crouay.fr\/wp\/wp-content\/uploads\/2015\/03\/P6160437-300x201.jpg\" alt=\"Les chaufourniers\" width=\"387\" height=\"259\" \/><\/a><\/p>\n<p>&nbsp;<\/p>\n<p>&nbsp;<\/p>\n<p>&nbsp;<\/p>\n<p>&nbsp;<\/p>\n<p>&nbsp;<\/p>\n<p>&nbsp;<\/p>\n<p>&nbsp;<\/p>\n<p>&nbsp;<\/p>\n<p>&nbsp;<\/p>\n<p>&nbsp;<\/p>\n<p>&nbsp;<\/p>\n<p>&nbsp;<\/p>\n<p>&nbsp;<\/p>\n<p>&nbsp;<\/p>\n<p>&nbsp;<\/p>\n<p>&nbsp;<\/p>\n<p>&nbsp;<\/p>\n<p>&nbsp;<\/p>\n<p>&nbsp;<\/p>\n<p><span style=\"font-size: 20px;\">Florence et Dominique vous re\u00e7oivent dans un ancien corps de ferme de 1850 enti\u00e8rement restaur\u00e9 au calme, \u00e0 9 kilom\u00e8tres de Bayeux, 12 kilom\u00e8tres de la mer et \u00e0 proximit\u00e9 des plages du d\u00e9barquement.<\/span><\/p>\n<p><span style=\"font-size: 20px;\">\u00a0<\/span><\/p>\n<p>&nbsp;<\/p>\n<p><span style=\"font-size: 20px;\"><strong>Florence &amp; Dominique RATOUIT<\/strong><\/span><br \/>\n<span style=\"font-size: 20px;\"><strong>\u00ab\u00a0LES CHAUFOURNIERS\u00a0\u00bb<\/strong><\/span><\/p>\n<p><span style=\"font-size: 20px;\"><strong>TEL : 02 31 21 31 65<\/strong><\/span><\/p>\n<p><span style=\"font-size: 20px;\"><strong>MOB : 06 13 75 21 90<\/strong><\/span><\/p>\n<p><span style=\"font-size: 20px;\">\u00a0<\/span><\/p>\n<p><span style=\"font-size: 20px;\"><strong><a href=\"mailto:info@leschaufourniers.com\">info@leschaufourniers.com<\/a><\/strong><\/span><br \/>\n<span style=\"font-size: 20px;\"><strong>Lieu dit la Calverie \u2013 14400 CROUAY<\/strong><\/span><\/p>\n","protected":false},"excerpt":{"rendered":"<p>&nbsp; \u00a0Le Camping \u00e0 la Ferme Camping \u00e0 La ferme Ferme du Creulet M et Mme Anne Ren\u00e9 \u2013 Le Creulet \u2013 14400 \u2013 Crouay \u2013 T\u00e9l: 02.31.92.45.27 \u2013 courriel:contact@camping-lecreulet.com \u00a0 &nbsp; &nbsp; &nbsp; &nbsp; Le Manoir de Longeau \u00a0Jolies maisons de charme pr\u00e8s des Plages du D\u00e9barquement en Normandie. \u00a0 &nbsp; &nbsp; &nbsp; &nbsp; [&hellip;]<\/p>\n","protected":false},"author":1,"featured_media":0,"parent":64,"menu_order":6,"comment_status":"open","ping_status":"closed","template":"","meta":{"saved_in_kubio":false,"_uag_custom_page_level_css":"","footnotes":""},"class_list":["post-245","page","type-page","status-publish","hentry"],"kubio_ai_page_context":{"short_desc":"","purpose":"general"},"uagb_featured_image_src":{"full":false,"thumbnail":false,"medium":false,"medium_large":false,"large":false,"1536x1536":false,"2048x2048":false,"kubio-fullhd":false,"mailpoet_newsletter_max":false},"uagb_author_info":{"display_name":"webmaster","author_link":"https:\/\/crouay.fr\/gites\/author\/netadmin\/"},"uagb_comment_info":0,"uagb_excerpt":"&nbsp; \u00a0Le Camping \u00e0 la Ferme Camping \u00e0 La ferme Ferme du Creulet M et Mme Anne Ren\u00e9 \u2013 Le Creulet \u2013 14400 \u2013 Crouay \u2013 T\u00e9l: 02.31.92.45.27 \u2013 courriel:contact@camping-lecreulet.com \u00a0 &nbsp; &nbsp; &nbsp; &nbsp; Le Manoir de Longeau \u00a0Jolies maisons de charme pr\u00e8s des Plages du D\u00e9barquement en Normandie. \u00a0 &nbsp; &nbsp; &nbsp; &nbsp;\u2026","_links":{"self":[{"href":"https:\/\/crouay.fr\/gites\/wp-json\/wp\/v2\/pages\/245","targetHints":{"allow":["GET"]}}],"collection":[{"href":"https:\/\/crouay.fr\/gites\/wp-json\/wp\/v2\/pages"}],"about":[{"href":"https:\/\/crouay.fr\/gites\/wp-json\/wp\/v2\/types\/page"}],"author":[{"embeddable":true,"href":"https:\/\/crouay.fr\/gites\/wp-json\/wp\/v2\/users\/1"}],"replies":[{"embeddable":true,"href":"https:\/\/crouay.fr\/gites\/wp-json\/wp\/v2\/comments?post=245"}],"version-history":[{"count":0,"href":"https:\/\/crouay.fr\/gites\/wp-json\/wp\/v2\/pages\/245\/revisions"}],"up":[{"embeddable":true,"href":"https:\/\/crouay.fr\/gites\/wp-json\/wp\/v2\/pages\/64"}],"wp:attachment":[{"href":"https:\/\/crouay.fr\/gites\/wp-json\/wp\/v2\/media?parent=245"}],"curies":[{"name":"wp","href":"https:\/\/api.w.org\/{rel}","templated":true}]}}