{"id":242,"date":"2014-04-03T22:42:30","date_gmt":"2014-04-03T21:42:30","guid":{"rendered":"https:\/\/crouay.fr\/wp\/gites\/?page_id=242"},"modified":"2026-02-03T14:16:07","modified_gmt":"2026-02-03T13:16:07","slug":"la-salle-polyvalente","status":"publish","type":"page","link":"https:\/\/crouay.fr\/gites\/accueil\/la-salle-polyvalente\/","title":{"rendered":"La salle polyvalente"},"content":{"rendered":"<p><span style=\"font-size: 16px\"><span style=\"line-height: 1.5em\">Pour vos r\u00e9ceptions ou f\u00eates de famille nous vous proposons\u00a0<\/span>notre salle polyvalente.<\/span><\/p>\n<p>&nbsp;<\/p>\n<p><span style=\"font-size: 16px\">\u00a0<\/span><\/p>\n<div>\n<p><span style=\"font-size: 16px\">Salle typique du B<span style=\"line-height: 1.5em\">essin avec ses pierres apparentes, ses poutres et sa grande chemin\u00e9e pour passer des moments chaleureux.<\/span><\/span><\/p>\n<p>&nbsp;<\/p>\n<\/div>\n<p>&nbsp;<\/p>\n<div>\n<table style=\"height: 152px;width: 34.8387%;border-collapse: collapse;border-style: none\" border=\"1\">\n<tbody>\n<tr style=\"height: 152px\">\n<td style=\"width: 28.678%;height: 152px;border-style: none\"><img loading=\"lazy\" decoding=\"async\" class=\"wp-image-885 alignleft\" src=\"https:\/\/crouay.fr\/wp\/gites\/wp-content\/uploads\/sites\/2\/2018\/07\/sigle-WIFI-150x150.jpg\" alt=\"\" width=\"117\" height=\"117\" srcset=\"https:\/\/crouay.fr\/gites\/wp-content\/uploads\/sites\/2\/2018\/07\/sigle-WIFI-150x150.jpg 150w, https:\/\/crouay.fr\/gites\/wp-content\/uploads\/sites\/2\/2018\/07\/sigle-WIFI-100x100.jpg 100w, https:\/\/crouay.fr\/gites\/wp-content\/uploads\/sites\/2\/2018\/07\/sigle-WIFI.jpg 338w\" sizes=\"(max-width: 117px) 100vw, 117px\" \/><\/td>\n<td style=\"width: 71.322%;height: 152px;border-style: none;vertical-align: middle\">WIFI disponible dans la salle<\/td>\n<\/tr>\n<\/tbody>\n<\/table>\n<p>&nbsp;<\/p>\n<p>&nbsp;<\/p>\n<\/div>\n<div><\/div>\n<div><\/div>\n<h3><\/h3>\n<h3><\/h3>\n<h3><strong>Disponibilit\u00e9s: \u00a0<\/strong><\/h3>\n<p>&nbsp;<\/p>\n<div>\n<p>Merci de contacter la mairie au 02 31 92 41 16, mairie@crouay.fr ou de laisser un <a href=\"https:\/\/crouay.fr\/wp\/gites\/nous-contacter\/\">message via notre formulaire\u00a0<\/a><\/p>\n<\/div>\n<div><span style=\"color: #000000\"><strong>\u00a0<\/strong><\/span><\/div>\n<div><span style=\"color: #000000\">\u00a0<\/span><\/div>\n<div><\/div>\n<div><span style=\"font-size: medium;color: #000000\"><strong>\u00a0<\/strong><\/span><\/div>\n<div><span style=\"font-size: medium;color: #000000\"><strong>\u00a0<\/strong>\u00a0<strong>\u00a0<\/strong><\/span><\/div>\n<div>\n<div><span style=\"font-size: medium\"><strong>\u00a0<\/strong><\/span><\/div>\n<div>\n<p><span style=\"font-size: 16px\"><strong>Capacit\u00e9 50\/55 personnes.<\/strong><\/span><\/p>\n<p><span style=\"font-size: 16px\"><strong>\u00a0<\/strong><\/span><\/p>\n<p><span style=\"font-size: 16px\"><strong>\u00a0<\/strong><\/span><\/p>\n<p><span style=\"font-size: 16px\">\u00a0<\/span><\/p>\n<p><span style=\"font-size: 16px\"><strong>Location de la salle uniquement <span style=\"color: #ff0000\"><span style=\"background-color: #ffff00\">hors vacances scolaires<\/span>.<\/span><\/strong><\/span><\/p>\n<p><span style=\"font-size: 16px\"><strong>\u00a0<\/strong><\/span><\/p>\n<p><span style=\"font-size: 16px\"><strong>\u00a0<\/strong>\u00a0<strong>\u00a0<\/strong><\/span><\/p>\n<div><span style=\"font-size: 16px\"><strong><strong><strong>\u00a0<\/strong><\/strong><\/strong><strong>\u00a0<\/strong><strong>\u00a0\u00a0\u00a0 <\/strong><strong><br \/>\n<\/strong><\/span><\/div>\n<div>\n<p><span style=\"font-size: 16px\">\u00a0<\/span><\/p>\n<p><span style=\"font-size: 16px\">\u00a0<\/span><\/p>\n<div><span style=\"text-decoration: underline\"><span style=\"font-size: 24px\"><strong><span style=\"color: #ff6600;text-decoration: underline\">Tarifs 2026<\/span><br \/>\n<\/strong><\/span><\/span><\/p>\n<div><span style=\"font-size: 16px\"><strong>\u00a0<\/strong><\/span><\/div>\n<div><span style=\"font-size: 16px\"><strong>\u00a0<\/strong>&#8211;<span style=\"color: #ff9900\"><strong style=\"color: #ff9900\">Forfait week-end du vendredi 18h au dimanche 18h <\/strong>: <strong>316\u20ac + 79\u20ac chauffage ( obligatoire du 1er novembre au 1er avril )\u00a0<\/strong><\/span><\/span><\/div>\n<div><span style=\"font-size: 16px\"><strong>\u00a0<\/strong><\/span><\/div>\n<div><span style=\"font-size: 16px\"><strong>&#8211;<em>Location \u00e0 la journ\u00e9e (le midi uniquement en semaine)<\/em> : 146\u20ac + chauffage 33\u20ac (obligatoire du 1er novembre au 1er avril)<\/strong><\/span><\/div>\n<div><span style=\"font-size: 16px\"><strong>\u00a0<\/strong><\/span><\/div>\n<div><span style=\"font-size: 16px\"><strong>&#8211;<span style=\"text-decoration: underline\">Location en semaine midi et soir<\/span> : 212\u20ac + chauffage 34\u20ac (obligatoire du 1er novembre au 1er avril)<\/strong><\/span><\/div>\n<div><\/div>\n<div><\/div>\n<div><strong>-Location \u00e0 la 1\/2 journ\u00e9e : 67\u20ac + chauffage 30\u20ac\u00a0<\/strong><\/div>\n<div><span style=\"font-size: 16px\"><strong>\u00a0<\/strong><strong>\u00a0<\/strong><strong>\u00a0<\/strong><\/span><\/div>\n<div><span style=\"font-size: 16px;color: #ff6600\"><strong>-Location des couverts<\/strong>: 1\u20ac<strong>\/personne<\/strong> le couvert complet<\/span><\/div>\n<div><span style=\"font-size: 16px\"><em>(2 assiettes plates, 1 assiette creuse, 1 assiette \u00e0 dessert, couverts, 2 verres \u00e0 vin, 1 verre \u00e0 eau, 1 fl\u00fbte \u00e0 champagne, 1 coupe \u00e0 sorbet, tasse + soucoupe \u00e0 caf\u00e9 par personne + plats de service et de cuisson. Voir photos)<\/em><\/span><\/div>\n<div><span style=\"font-size: 16px\"><em>\u00a0<\/em><em><strong>\u00a0<\/strong><\/em><em><strong>\u00a0<\/strong><\/em><\/span><\/div>\n<div>\n<div><span style=\"font-size: 16px\"><strong>\u00a0<\/strong><\/span><\/div>\n<div><span style=\"font-size: 16px\"><strong>-Possibilit\u00e9 forfait m\u00e9nage : 93\u20ac.<\/strong><\/span><\/div>\n<\/div>\n<div><span style=\"font-size: 16px\"><strong>\u00a0<\/strong><\/span><\/div>\n<\/div>\n<div><span style=\"font-size: 16px\"><strong>\u00a0<\/strong><\/span><\/div>\n<div><span style=\"font-size: 16px\">Les habitants de Crouay exclusivement b\u00e9n\u00e9ficient des couverts gratuits.<\/span><\/div>\n<div><span style=\"font-size: 16px\"><strong>\u00a0<\/strong><strong>\u00a0<\/strong><strong>\u00a0<\/strong><\/span><\/div>\n<p><span style=\"font-size: 16px\"><strong><span style=\"color: #ff0000\">\u00a0<span style=\"font-size: 20px\">Location obligatoire de nos 5 g\u00eetes ruraux<\/span><\/span>( N\u00b0109, 110, 111, 112, 114) avec la salle polyvalente : forfait de 386\u20ac pour 1 nuit, en plus du prix de la salle indiqu\u00e9 ci-dessus.<\/strong><\/span><\/p>\n<p>&nbsp;<\/p>\n<p><strong><em><span style=\"font-family: 'comic sans ms', sans-serif\">TARIFS POUR LES HABITANTS DE CROUAY\u00a0<\/span><\/em><\/strong><\/p>\n<div>\n<blockquote><p>&nbsp;<\/p><\/blockquote>\n<div>\n<p style=\"padding-left: 60px\"><span style=\"font-size: 16px\"><strong><span style=\"color: #ff0000\">Toute l\u2019ann\u00e9e &#8211;\u00a0sauf pendant les vacances scolaires<\/span><\/strong><\/span><\/p>\n<p style=\"padding-left: 60px\"><span style=\"font-size: 16px\"><strong>Du vendredi 18h au dimanche soir 18h<\/strong><\/span><\/p>\n<p style=\"padding-left: 60px\"><span style=\"font-size: 16px\"><strong>243\u20ac la salle, couverts gratuits, chauffage 59\u20ac\u00a0<\/strong><\/span><\/p>\n<p style=\"padding-left: 60px\"><span style=\"font-size: 16px\"><span style=\"color: #ff0000\"><strong>\u00a0Location des 5 g\u00eetes en face en forfait obligatoire<\/strong> <\/span>(nuit du samedi au dimanche) : 267\u20ac (au lieu de 386\u20ac)pour les habitants de Crouay exclusivement. Draps non fournis, charges comprises, taxe de s\u00e9jour en plus selon d\u00e9lib\u00e9ration du conseil communautaire (1.10\u20ac\/pers\/nuit\u00e9e)<\/span><\/p>\n<p><span style=\"font-size: 16px\">\u00a0<\/span><\/p>\n<blockquote><p>&nbsp;<\/p>\n<p><span style=\"font-size: 16px\"><strong>*Prix sp\u00e9cifique pour la p\u00e9riode de NOVEMBRE\/DECEMBRE\/JANVIER\/FEVRIER sauf No\u00ebl et Jour de l\u2019An\u00a0:<\/strong><\/span><\/p>\n<p><span style=\"font-size: 16px\"><strong>Commune\u00a0<\/strong>: 240<strong>\u20ac, couverts gratuits, chauffage 59\u20ac<\/strong><\/span><\/p>\n<p><span style=\"font-size: 16px\"><strong>Hors commune<\/strong> : 322<strong>\u20ac+couverts 1\u20ac\/pers + chauffage : 79\u20ac<\/strong><\/span><\/p>\n<p><span style=\"font-size: 16px\"><strong>\u00a0<span style=\"background-color: #ffff99\">Pour cette p\u00e9riode sans obligation de prendre le forfait pour location des 5 g\u00eetes.<\/span><\/strong><\/span><\/p><\/blockquote>\n<\/div>\n<\/div>\n<h3><strong>\u00a0<\/strong><strong>\u00a0<\/strong><strong>\u00a0<\/strong><\/h3>\n<\/div>\n<\/div>\n<p><span style=\"font-size: 16px\">\u00a0<\/span><\/p>\n<\/div>\n<div><strong>\u00a0<\/strong><\/div>\n<div><\/div>\n<div><\/div>\n<div><span style=\"font-size: large\"><strong>Photos<\/strong><\/span><\/div>\n<div><\/div>\n<div>\n\n\t\t<style type=\"text\/css\">\n\t\t\t#gallery-1 {\n\t\t\t\tmargin: auto;\n\t\t\t}\n\t\t\t#gallery-1 .gallery-item {\n\t\t\t\tfloat: left;\n\t\t\t\tmargin-top: 10px;\n\t\t\t\ttext-align: center;\n\t\t\t\twidth: 33%;\n\t\t\t}\n\t\t\t#gallery-1 img {\n\t\t\t\tborder: 2px solid #cfcfcf;\n\t\t\t}\n\t\t\t#gallery-1 .gallery-caption {\n\t\t\t\tmargin-left: 0;\n\t\t\t}\n\t\t\t\/* see gallery_shortcode() in wp-includes\/media.php *\/\n\t\t<\/style>\n\t\t<div id='gallery-1' class='gallery galleryid-242 gallery-columns-3 gallery-size-thumbnail'><dl class='gallery-item'>\n\t\t\t<dt class='gallery-icon landscape'>\n\t\t\t\t<a href='https:\/\/crouay.fr\/gites\/wp-content\/uploads\/sites\/2\/2014\/04\/ext-gites-6.jpg'><img loading=\"lazy\" decoding=\"async\" width=\"100\" height=\"100\" src=\"https:\/\/crouay.fr\/gites\/wp-content\/uploads\/sites\/2\/2014\/04\/ext-gites-6-100x100.jpg\" class=\"attachment-thumbnail size-thumbnail\" alt=\"\" aria-describedby=\"gallery-1-306\" \/><\/a>\n\t\t\t<\/dt>\n\t\t\t\t<dd class='wp-caption-text gallery-caption' id='gallery-1-306'>\n\t\t\t\tLe parc superficie de un hectare\n\t\t\t\t<\/dd><\/dl><dl class='gallery-item'>\n\t\t\t<dt class='gallery-icon landscape'>\n\t\t\t\t<a href='https:\/\/crouay.fr\/gites\/wp-content\/uploads\/sites\/2\/2014\/04\/ext-gites-4.jpg'><img loading=\"lazy\" decoding=\"async\" width=\"100\" height=\"100\" src=\"https:\/\/crouay.fr\/gites\/wp-content\/uploads\/sites\/2\/2014\/04\/ext-gites-4-100x100.jpg\" class=\"attachment-thumbnail size-thumbnail\" alt=\"\" aria-describedby=\"gallery-1-305\" \/><\/a>\n\t\t\t<\/dt>\n\t\t\t\t<dd class='wp-caption-text gallery-caption' id='gallery-1-305'>\n\t\t\t\tDerri\u00e8re le presbyt\u00e8re \n\t\t\t\t<\/dd><\/dl><dl class='gallery-item'>\n\t\t\t<dt class='gallery-icon landscape'>\n\t\t\t\t<a href='https:\/\/crouay.fr\/gites\/wp-content\/uploads\/sites\/2\/2014\/04\/ext-gites-3.jpg'><img loading=\"lazy\" decoding=\"async\" width=\"100\" height=\"100\" src=\"https:\/\/crouay.fr\/gites\/wp-content\/uploads\/sites\/2\/2014\/04\/ext-gites-3-100x100.jpg\" class=\"attachment-thumbnail size-thumbnail\" alt=\"\" aria-describedby=\"gallery-1-304\" \/><\/a>\n\t\t\t<\/dt>\n\t\t\t\t<dd class='wp-caption-text gallery-caption' id='gallery-1-304'>\n\t\t\t\tDerri\u00e8re le presbyt\u00e8re \n\t\t\t\t<\/dd><\/dl><br style=\"clear: both\" \/><dl class='gallery-item'>\n\t\t\t<dt class='gallery-icon landscape'>\n\t\t\t\t<a href='https:\/\/crouay.fr\/gites\/wp-content\/uploads\/sites\/2\/2014\/04\/ext-gites-8.jpg'><img loading=\"lazy\" decoding=\"async\" width=\"100\" height=\"100\" src=\"https:\/\/crouay.fr\/gites\/wp-content\/uploads\/sites\/2\/2014\/04\/ext-gites-8-100x100.jpg\" class=\"attachment-thumbnail size-thumbnail\" alt=\"\" aria-describedby=\"gallery-1-307\" \/><\/a>\n\t\t\t<\/dt>\n\t\t\t\t<dd class='wp-caption-text gallery-caption' id='gallery-1-307'>\n\t\t\t\tLe parc\n\t\t\t\t<\/dd><\/dl><dl class='gallery-item'>\n\t\t\t<dt class='gallery-icon portrait'>\n\t\t\t\t<a href='https:\/\/crouay.fr\/gites\/wp-content\/uploads\/sites\/2\/2014\/04\/salle-2.jpg'><img loading=\"lazy\" decoding=\"async\" width=\"100\" height=\"100\" src=\"https:\/\/crouay.fr\/gites\/wp-content\/uploads\/sites\/2\/2014\/04\/salle-2-100x100.jpg\" class=\"attachment-thumbnail size-thumbnail\" alt=\"\" aria-describedby=\"gallery-1-312\" \/><\/a>\n\t\t\t<\/dt>\n\t\t\t\t<dd class='wp-caption-text gallery-caption' id='gallery-1-312'>\n\t\t\t\tSalle polyvalente vue des g\u00eetes\n\t\t\t\t<\/dd><\/dl><dl class='gallery-item'>\n\t\t\t<dt class='gallery-icon landscape'>\n\t\t\t\t<a href='https:\/\/crouay.fr\/gites\/wp-content\/uploads\/sites\/2\/2014\/04\/salle.jpg'><img loading=\"lazy\" decoding=\"async\" width=\"100\" height=\"100\" src=\"https:\/\/crouay.fr\/gites\/wp-content\/uploads\/sites\/2\/2014\/04\/salle-100x100.jpg\" class=\"attachment-thumbnail size-thumbnail\" alt=\"\" aria-describedby=\"gallery-1-311\" \/><\/a>\n\t\t\t<\/dt>\n\t\t\t\t<dd class='wp-caption-text gallery-caption' id='gallery-1-311'>\n\t\t\t\tSalle polyvalente depuis la cours\n\t\t\t\t<\/dd><\/dl><br style=\"clear: both\" \/><dl class='gallery-item'>\n\t\t\t<dt class='gallery-icon portrait'>\n\t\t\t\t<a href='https:\/\/crouay.fr\/gites\/wp-content\/uploads\/sites\/2\/2014\/04\/salle_polyvalente_4.jpg'><img loading=\"lazy\" decoding=\"async\" width=\"100\" height=\"100\" src=\"https:\/\/crouay.fr\/gites\/wp-content\/uploads\/sites\/2\/2014\/04\/salle_polyvalente_4-100x100.jpg\" class=\"attachment-thumbnail size-thumbnail\" alt=\"\" aria-describedby=\"gallery-1-313\" \/><\/a>\n\t\t\t<\/dt>\n\t\t\t\t<dd class='wp-caption-text gallery-caption' id='gallery-1-313'>\n\t\t\t\tLa chemin\u00e9e \n\t\t\t\t<\/dd><\/dl><dl class='gallery-item'>\n\t\t\t<dt class='gallery-icon landscape'>\n\t\t\t\t<a href='https:\/\/crouay.fr\/gites\/wp-content\/uploads\/sites\/2\/2014\/04\/salle_polyvalente_8.jpg'><img loading=\"lazy\" decoding=\"async\" width=\"100\" height=\"100\" src=\"https:\/\/crouay.fr\/gites\/wp-content\/uploads\/sites\/2\/2014\/04\/salle_polyvalente_8-100x100.jpg\" class=\"attachment-thumbnail size-thumbnail\" alt=\"\" aria-describedby=\"gallery-1-317\" \/><\/a>\n\t\t\t<\/dt>\n\t\t\t\t<dd class='wp-caption-text gallery-caption' id='gallery-1-317'>\n\t\t\t\tVue int\u00e9rieure\n\t\t\t\t<\/dd><\/dl><dl class='gallery-item'>\n\t\t\t<dt class='gallery-icon landscape'>\n\t\t\t\t<a href='https:\/\/crouay.fr\/gites\/wp-content\/uploads\/sites\/2\/2014\/04\/salle_polyvalente_10.jpg'><img loading=\"lazy\" decoding=\"async\" width=\"100\" height=\"100\" src=\"https:\/\/crouay.fr\/gites\/wp-content\/uploads\/sites\/2\/2014\/04\/salle_polyvalente_10-100x100.jpg\" class=\"attachment-thumbnail size-thumbnail\" alt=\"\" aria-describedby=\"gallery-1-319\" \/><\/a>\n\t\t\t<\/dt>\n\t\t\t\t<dd class='wp-caption-text gallery-caption' id='gallery-1-319'>\n\t\t\t\tVue int\u00e9rieure\n\t\t\t\t<\/dd><\/dl><br style=\"clear: both\" \/><dl class='gallery-item'>\n\t\t\t<dt class='gallery-icon landscape'>\n\t\t\t\t<a href='https:\/\/crouay.fr\/gites\/wp-content\/uploads\/sites\/2\/2014\/04\/salle_polyvalente_5.jpg'><img loading=\"lazy\" decoding=\"async\" width=\"100\" height=\"100\" src=\"https:\/\/crouay.fr\/gites\/wp-content\/uploads\/sites\/2\/2014\/04\/salle_polyvalente_5-100x100.jpg\" class=\"attachment-thumbnail size-thumbnail\" alt=\"\" aria-describedby=\"gallery-1-314\" \/><\/a>\n\t\t\t<\/dt>\n\t\t\t\t<dd class='wp-caption-text gallery-caption' id='gallery-1-314'>\n\t\t\t\tLes couverts\n\t\t\t\t<\/dd><\/dl><dl class='gallery-item'>\n\t\t\t<dt class='gallery-icon landscape'>\n\t\t\t\t<a href='https:\/\/crouay.fr\/gites\/wp-content\/uploads\/sites\/2\/2014\/04\/salle_polyvalente_6.jpg'><img loading=\"lazy\" decoding=\"async\" width=\"100\" height=\"100\" src=\"https:\/\/crouay.fr\/gites\/wp-content\/uploads\/sites\/2\/2014\/04\/salle_polyvalente_6-100x100.jpg\" class=\"attachment-thumbnail size-thumbnail\" alt=\"\" aria-describedby=\"gallery-1-315\" \/><\/a>\n\t\t\t<\/dt>\n\t\t\t\t<dd class='wp-caption-text gallery-caption' id='gallery-1-315'>\n\t\t\t\tLa cuisine\n\t\t\t\t<\/dd><\/dl><dl class='gallery-item'>\n\t\t\t<dt class='gallery-icon portrait'>\n\t\t\t\t<a href='https:\/\/crouay.fr\/gites\/wp-content\/uploads\/sites\/2\/2014\/04\/salle_polyvalente_9.jpg'><img loading=\"lazy\" decoding=\"async\" width=\"100\" height=\"100\" src=\"https:\/\/crouay.fr\/gites\/wp-content\/uploads\/sites\/2\/2014\/04\/salle_polyvalente_9-100x100.jpg\" class=\"attachment-thumbnail size-thumbnail\" alt=\"\" aria-describedby=\"gallery-1-318\" \/><\/a>\n\t\t\t<\/dt>\n\t\t\t\t<dd class='wp-caption-text gallery-caption' id='gallery-1-318'>\n\t\t\t\tLa cuisine\n\t\t\t\t<\/dd><\/dl><br style=\"clear: both\" \/><dl class='gallery-item'>\n\t\t\t<dt class='gallery-icon landscape'>\n\t\t\t\t<a href='https:\/\/crouay.fr\/gites\/wp-content\/uploads\/sites\/2\/2014\/04\/salle_polyvalente_7.jpg'><img loading=\"lazy\" decoding=\"async\" width=\"100\" height=\"100\" src=\"https:\/\/crouay.fr\/gites\/wp-content\/uploads\/sites\/2\/2014\/04\/salle_polyvalente_7-100x100.jpg\" class=\"attachment-thumbnail size-thumbnail\" alt=\"\" aria-describedby=\"gallery-1-316\" \/><\/a>\n\t\t\t<\/dt>\n\t\t\t\t<dd class='wp-caption-text gallery-caption' id='gallery-1-316'>\n\t\t\t\tLa cuisine\n\t\t\t\t<\/dd><\/dl><dl class='gallery-item'>\n\t\t\t<dt class='gallery-icon landscape'>\n\t\t\t\t<a href='https:\/\/crouay.fr\/gites\/wp-content\/uploads\/sites\/2\/2015\/11\/20151122_114624.jpg'><img loading=\"lazy\" decoding=\"async\" width=\"100\" height=\"100\" src=\"https:\/\/crouay.fr\/gites\/wp-content\/uploads\/sites\/2\/2015\/11\/20151122_114624-100x100.jpg\" class=\"attachment-thumbnail size-thumbnail\" alt=\"\" aria-describedby=\"gallery-1-652\" \/><\/a>\n\t\t\t<\/dt>\n\t\t\t\t<dd class='wp-caption-text gallery-caption' id='gallery-1-652'>\n\t\t\t\tPanorama salle polyvalente d\u00e9cor\u00e9e\n\t\t\t\t<\/dd><\/dl><dl class='gallery-item'>\n\t\t\t<dt class='gallery-icon landscape'>\n\t\t\t\t<a href='https:\/\/crouay.fr\/gites\/wp-content\/uploads\/sites\/2\/2015\/11\/20151122_114348.jpg'><img loading=\"lazy\" decoding=\"async\" width=\"100\" height=\"100\" src=\"https:\/\/crouay.fr\/gites\/wp-content\/uploads\/sites\/2\/2015\/11\/20151122_114348-100x100.jpg\" class=\"attachment-thumbnail size-thumbnail\" alt=\"\" aria-describedby=\"gallery-1-651\" \/><\/a>\n\t\t\t<\/dt>\n\t\t\t\t<dd class='wp-caption-text gallery-caption' id='gallery-1-651'>\n\t\t\t\tSalle polyvalente d\u00e9cor\u00e9e\n\t\t\t\t<\/dd><\/dl><br style=\"clear: both\" \/>\n\t\t<\/div>\n\n<\/div>\n<div><\/div>\n<div><strong>Location Barnum de r\u00e9ception<\/strong><\/div>\n<div>5m x 8m<\/div>\n<div>Du vendredi matin entre 9h et 11h au lundi 10h<\/div>\n<div>Montant de la location : 120\u20ac pour les habitants de la commune et 150\u20ac pour les hors commune<\/div>\n<div>Une caution de 500\u20ac sera demand\u00e9e \u00e0 la signature du contrat.<\/div>\n<div><\/div>\n<div><\/div>\n<div><img loading=\"lazy\" decoding=\"async\" class=\"alignnone wp-image-1077\" src=\"https:\/\/crouay.fr\/wp\/gites\/wp-content\/uploads\/sites\/2\/2025\/04\/photo-barnum-150x67.jpg\" alt=\"\" width=\"197\" height=\"88\" srcset=\"https:\/\/crouay.fr\/gites\/wp-content\/uploads\/sites\/2\/2025\/04\/photo-barnum-150x67.jpg 150w, https:\/\/crouay.fr\/gites\/wp-content\/uploads\/sites\/2\/2025\/04\/photo-barnum-768x344.jpg 768w, https:\/\/crouay.fr\/gites\/wp-content\/uploads\/sites\/2\/2025\/04\/photo-barnum.jpg 1024w\" sizes=\"(max-width: 197px) 100vw, 197px\" \/><\/div>\n","protected":false},"excerpt":{"rendered":"<p>Pour vos r\u00e9ceptions ou f\u00eates de famille nous vous proposons\u00a0notre salle polyvalente. &nbsp; \u00a0 Salle typique du Bessin avec ses pierres apparentes, ses poutres et sa grande chemin\u00e9e pour passer des moments chaleureux. &nbsp; &nbsp; WIFI disponible dans la salle &nbsp; &nbsp; Disponibilit\u00e9s: \u00a0 &nbsp; Merci de contacter la mairie au 02 31 92 41 [&hellip;]<\/p>\n","protected":false},"author":1,"featured_media":0,"parent":64,"menu_order":3,"comment_status":"open","ping_status":"open","template":"","meta":{"saved_in_kubio":false,"_uag_custom_page_level_css":"","footnotes":""},"class_list":["post-242","page","type-page","status-publish","hentry"],"kubio_ai_page_context":{"short_desc":"","purpose":"general"},"uagb_featured_image_src":{"full":false,"thumbnail":false,"medium":false,"medium_large":false,"large":false,"1536x1536":false,"2048x2048":false,"kubio-fullhd":false,"mailpoet_newsletter_max":false},"uagb_author_info":{"display_name":"webmaster","author_link":"https:\/\/crouay.fr\/gites\/author\/netadmin\/"},"uagb_comment_info":0,"uagb_excerpt":"Pour vos r\u00e9ceptions ou f\u00eates de famille nous vous proposons\u00a0notre salle polyvalente. &nbsp; \u00a0 Salle typique du Bessin avec ses pierres apparentes, ses poutres et sa grande chemin\u00e9e pour passer des moments chaleureux. &nbsp; &nbsp; WIFI disponible dans la salle &nbsp; &nbsp; Disponibilit\u00e9s: \u00a0 &nbsp; Merci de contacter la mairie au 02 31 92 41\u2026","_links":{"self":[{"href":"https:\/\/crouay.fr\/gites\/wp-json\/wp\/v2\/pages\/242","targetHints":{"allow":["GET"]}}],"collection":[{"href":"https:\/\/crouay.fr\/gites\/wp-json\/wp\/v2\/pages"}],"about":[{"href":"https:\/\/crouay.fr\/gites\/wp-json\/wp\/v2\/types\/page"}],"author":[{"embeddable":true,"href":"https:\/\/crouay.fr\/gites\/wp-json\/wp\/v2\/users\/1"}],"replies":[{"embeddable":true,"href":"https:\/\/crouay.fr\/gites\/wp-json\/wp\/v2\/comments?post=242"}],"version-history":[{"count":0,"href":"https:\/\/crouay.fr\/gites\/wp-json\/wp\/v2\/pages\/242\/revisions"}],"up":[{"embeddable":true,"href":"https:\/\/crouay.fr\/gites\/wp-json\/wp\/v2\/pages\/64"}],"wp:attachment":[{"href":"https:\/\/crouay.fr\/gites\/wp-json\/wp\/v2\/media?parent=242"}],"curies":[{"name":"wp","href":"https:\/\/api.w.org\/{rel}","templated":true}]}}